{"id":26,"date":"2023-01-02T20:32:55","date_gmt":"2023-01-02T20:32:55","guid":{"rendered":"https:\/\/test.alviragamboa.de\/?page_id=26"},"modified":"2026-04-21T20:06:41","modified_gmt":"2026-04-21T20:06:41","slug":"impressum","status":"publish","type":"page","link":"https:\/\/www.alviragamboa.de\/es\/impressum\/","title":{"rendered":"Impressum"},"content":{"rendered":"\n<h2 class=\"wp-block-heading\">Impressum<\/h2>\n\n\n\n<h3 class=\"wp-block-heading\">Dienstanbieter<\/h3>\n\n\n\n<p>Alvira Gamboa-Esser<br>Sophienstra\u00dfe 57<br>76133 Karlsruhe<br>+49 721 2630877<br>info@alviragamboa.de<\/p>\n\n\n\n<p><strong>Umsatzsteuer-Identifikationsnummer<\/strong><br>DE242486842<\/p>\n\n\n\n<p><strong>Verantwortlich f\u00fcr den Inhalt der Website i.S.d. \u00a7 55 Abs.2 RStV:&nbsp;<\/strong><br>Alvira Gamboa-Esser.&nbsp;Anschrift und Kontaktdaten wie oben.<\/p>\n\n\n\n<p><strong>Haftpflichtversicherung<\/strong><br>Verm\u00f6gensschaden-Haftpflichtversicherung bei der Ergo Versicherung<\/p>\n\n\n\n<p><strong>Urheberrecht<\/strong><br>Das Urheberrecht f\u00fcr alle auf dieser Website verwendeten Texten und Logo liegen \u2013 sofern nicht anders angegeben \u2013 bei Alvira Gamboa-Esser. Die vollst\u00e4ndige oder auszugsweise Verwendung bedarf der vorherigen schriftlichen Zustimmung der Rechtsinhaberin.<\/p>\n\n\n\n<p>Bilder: iStock<\/p>\n\n\n\n<p><strong>Haftungshinweis<\/strong><br>Trotz sorgf\u00e4ltiger inhaltlicher Kontrolle \u00fcbernehme ich keine Haftung f\u00fcr die Inhalte externer Links. F\u00fcr den Inhalt der verlinkten Seiten sind ausschlie\u00dflich deren Betreiber verantwortlich.<\/p>\n","protected":false},"excerpt":{"rendered":"<p>Impressum Dienstanbieter Alvira Gamboa-EsserSophienstra\u00dfe 5776133 Karlsruhe+49 721 2630877info@alviragamboa.de Umsatzsteuer-IdentifikationsnummerDE242486842 Verantwortlich f\u00fcr den Inhalt der Website i.S.d. \u00a7 55 Abs.2 RStV:&nbsp;Alvira Gamboa-Esser.&nbsp;Anschrift und Kontaktdaten wie oben. HaftpflichtversicherungVerm\u00f6gensschaden-Haftpflichtversicherung bei der Ergo Versicherung UrheberrechtDas Urheberrecht f\u00fcr alle auf dieser Website verwendeten Texten und Logo liegen \u2013 sofern nicht anders angegeben \u2013 bei Alvira Gamboa-Esser. Die vollst\u00e4ndige oder auszugsweise&hellip;&nbsp;<a href=\"https:\/\/www.alviragamboa.de\/es\/impressum\/\" rel=\"bookmark\">Read More &raquo;<span class=\"screen-reader-text\">Impressum<\/span><\/a><\/p>\n","protected":false},"author":1,"featured_media":0,"parent":0,"menu_order":0,"comment_status":"closed","ping_status":"closed","template":"","meta":{"neve_meta_sidebar":"","neve_meta_container":"","neve_meta_enable_content_width":"","neve_meta_content_width":0,"neve_meta_title_alignment":"","neve_meta_author_avatar":"","neve_post_elements_order":"","neve_meta_disable_header":"","neve_meta_disable_footer":"","neve_meta_disable_title":"","footnotes":""},"class_list":["post-26","page","type-page","status-publish","hentry"],"translation":{"provider":"WPGlobus","version":"3.0.2","language":"es","enabled_languages":["de","es"],"languages":{"de":{"title":true,"content":true,"excerpt":false},"es":{"title":false,"content":false,"excerpt":false}}},"_links":{"self":[{"href":"https:\/\/www.alviragamboa.de\/es\/wp-json\/wp\/v2\/pages\/26","targetHints":{"allow":["GET"]}}],"collection":[{"href":"https:\/\/www.alviragamboa.de\/es\/wp-json\/wp\/v2\/pages"}],"about":[{"href":"https:\/\/www.alviragamboa.de\/es\/wp-json\/wp\/v2\/types\/page"}],"author":[{"embeddable":true,"href":"https:\/\/www.alviragamboa.de\/es\/wp-json\/wp\/v2\/users\/1"}],"replies":[{"embeddable":true,"href":"https:\/\/www.alviragamboa.de\/es\/wp-json\/wp\/v2\/comments?post=26"}],"version-history":[{"count":9,"href":"https:\/\/www.alviragamboa.de\/es\/wp-json\/wp\/v2\/pages\/26\/revisions"}],"predecessor-version":[{"id":760,"href":"https:\/\/www.alviragamboa.de\/es\/wp-json\/wp\/v2\/pages\/26\/revisions\/760"}],"wp:attachment":[{"href":"https:\/\/www.alviragamboa.de\/es\/wp-json\/wp\/v2\/media?parent=26"}],"curies":[{"name":"wp","href":"https:\/\/api.w.org\/{rel}","templated":true}]}}